{"id":120,"date":"2026-01-19T19:02:52","date_gmt":"2026-01-19T22:02:52","guid":{"rendered":"https:\/\/edugas.cl\/?page_id=120"},"modified":"2026-01-19T19:26:14","modified_gmt":"2026-01-19T22:26:14","slug":"somos","status":"publish","type":"page","link":"https:\/\/edugas.cl\/?page_id=120","title":{"rendered":"Somos"},"content":{"rendered":"\t\t<div data-elementor-type=\"wp-page\" data-elementor-id=\"120\" class=\"elementor elementor-120\" data-elementor-post-type=\"page\">\n\t\t\t\t<div class=\"elementor-element elementor-element-8a82126 e-flex e-con-boxed e-con e-parent\" data-id=\"8a82126\" data-element_type=\"container\">\n\t\t\t\t\t<div class=\"e-con-inner\">\n\t\t\t\t<div class=\"elementor-element elementor-element-205beb2 elementor-widget elementor-widget-heading\" data-id=\"205beb2\" data-element_type=\"widget\" data-widget_type=\"heading.default\">\n\t\t\t\t\t<h2 class=\"elementor-heading-title elementor-size-default\">Rese\u00f1a de la empresa<\/h2>\t\t\t\t<\/div>\n\t\t\t\t<div class=\"elementor-element elementor-element-e9f2ff5 elementor-widget elementor-widget-text-editor\" data-id=\"e9f2ff5\" data-element_type=\"widget\" data-widget_type=\"text-editor.default\">\n\t\t\t\t\t\t\t\t\t<p>Fundada en el a\u00f1o 2007, nuestra empresa se especializa en el dise\u00f1o, fabricaci\u00f3n y comercializaci\u00f3n de quemadores de gas industriales, desarrollados bajo altos est\u00e1ndares de calidad y certificados por SICal, garantizando seguridad, eficiencia y confiabilidad en cada producto. Desde nuestros inicios hemos orientado nuestras soluciones a diversos sectores productivos, principalmente a f\u00e1bricas de cervezas artesanales, plantas de elaboraci\u00f3n de mote, procesadoras de frutos secos, f\u00e1bricas de cecinas, as\u00ed como a pizzer\u00edas y otros procesos vinculados a la industria alimentaria. Adicionalmente, ofrecemos quemadores para fogatas de terraza y aplicaciones decorativas en exteriores, combinando funcionalidad, dise\u00f1o y seguridad. Nuestra trayectoria se ha consolidado gracias a la cercan\u00eda con nuestros clientes, la personalizaci\u00f3n de soluciones y el compromiso permanente con la innovaci\u00f3n y el cumplimiento normativo<\/p>\t\t\t\t\t\t\t\t<\/div>\n\t\t\t\t<div class=\"elementor-element elementor-element-4fde5c6 elementor-widget elementor-widget-heading\" data-id=\"4fde5c6\" data-element_type=\"widget\" data-widget_type=\"heading.default\">\n\t\t\t\t\t<h2 class=\"elementor-heading-title elementor-size-default\">Misi\u00f3n<\/h2>\t\t\t\t<\/div>\n\t\t\t\t<div class=\"elementor-element elementor-element-11b455b elementor-widget elementor-widget-text-editor\" data-id=\"11b455b\" data-element_type=\"widget\" data-widget_type=\"text-editor.default\">\n\t\t\t\t\t\t\t\t\t<p>Dise\u00f1ar y fabricar quemadores de gas industriales seguros, eficientes y certificados, entregando soluciones confiables que optimicen los procesos productivos de nuestros clientes, especialmente en la industria alimentaria y aplicaciones especiales, contribuyendo al desarrollo sostenible de sus negocios.<\/p>\t\t\t\t\t\t\t\t<\/div>\n\t\t\t\t<div class=\"elementor-element elementor-element-fe667a5 elementor-widget elementor-widget-heading\" data-id=\"fe667a5\" data-element_type=\"widget\" data-widget_type=\"heading.default\">\n\t\t\t\t\t<h2 class=\"elementor-heading-title elementor-size-default\">Visi\u00f3n<\/h2>\t\t\t\t<\/div>\n\t\t\t\t<div class=\"elementor-element elementor-element-0c55d26 elementor-widget elementor-widget-text-editor\" data-id=\"0c55d26\" data-element_type=\"widget\" data-widget_type=\"text-editor.default\">\n\t\t\t\t\t\t\t\t\t<p>Ser una empresa referente a nivel nacional en la fabricaci\u00f3n de quemadores de gas certificados, reconocida por la calidad de nuestros productos, la innovaci\u00f3n tecnol\u00f3gica y el compromiso con la seguridad, ampliando continuamente nuestra presencia en nuevos sectores industriales y decorativos.<\/p>\t\t\t\t\t\t\t\t<\/div>\n\t\t\t\t\t<\/div>\n\t\t\t\t<\/div>\n\t\t\t\t<\/div>\n\t\t","protected":false},"excerpt":{"rendered":"<p>Rese\u00f1a de la empresa Fundada en el a\u00f1o 2007, nuestra empresa se especializa en el dise\u00f1o, fabricaci\u00f3n y comercializaci\u00f3n de quemadores de gas industriales, desarrollados bajo altos est\u00e1ndares de calidad y certificados por SICal, garantizando seguridad, eficiencia y confiabilidad en cada producto. Desde nuestros inicios hemos orientado nuestras soluciones a diversos sectores productivos, principalmente a [&hellip;]<\/p>\n","protected":false},"author":1,"featured_media":0,"parent":0,"menu_order":0,"comment_status":"closed","ping_status":"closed","template":"","meta":{"footnotes":""},"class_list":["post-120","page","type-page","status-publish","hentry"],"_links":{"self":[{"href":"https:\/\/edugas.cl\/index.php?rest_route=\/wp\/v2\/pages\/120","targetHints":{"allow":["GET"]}}],"collection":[{"href":"https:\/\/edugas.cl\/index.php?rest_route=\/wp\/v2\/pages"}],"about":[{"href":"https:\/\/edugas.cl\/index.php?rest_route=\/wp\/v2\/types\/page"}],"author":[{"embeddable":true,"href":"https:\/\/edugas.cl\/index.php?rest_route=\/wp\/v2\/users\/1"}],"replies":[{"embeddable":true,"href":"https:\/\/edugas.cl\/index.php?rest_route=%2Fwp%2Fv2%2Fcomments&post=120"}],"version-history":[{"count":10,"href":"https:\/\/edugas.cl\/index.php?rest_route=\/wp\/v2\/pages\/120\/revisions"}],"predecessor-version":[{"id":147,"href":"https:\/\/edugas.cl\/index.php?rest_route=\/wp\/v2\/pages\/120\/revisions\/147"}],"wp:attachment":[{"href":"https:\/\/edugas.cl\/index.php?rest_route=%2Fwp%2Fv2%2Fmedia&parent=120"}],"curies":[{"name":"wp","href":"https:\/\/api.w.org\/{rel}","templated":true}]}}