{"id":34,"date":"2026-01-14T14:49:53","date_gmt":"2026-01-14T17:49:53","guid":{"rendered":"https:\/\/edugas.cl\/?page_id=34"},"modified":"2026-01-19T19:22:40","modified_gmt":"2026-01-19T22:22:40","slug":"carrito","status":"publish","type":"page","link":"https:\/\/edugas.cl\/?page_id=34","title":{"rendered":"Carrito"},"content":{"rendered":"\n<div data-block-name=\"woocommerce\/cart\" class=\"wp-block-woocommerce-cart alignwide is-loading\">\n<div data-block-name=\"woocommerce\/filled-cart-block\" class=\"wp-block-woocommerce-filled-cart-block\">\n<div data-block-name=\"woocommerce\/cart-items-block\" class=\"wp-block-woocommerce-cart-items-block\">\n<div data-block-name=\"woocommerce\/cart-line-items-block\" class=\"wp-block-woocommerce-cart-line-items-block\"><\/div>\n\n\n<\/div>\n\n\n\n\n<div data-block-name=\"woocommerce\/cart-totals-block\" class=\"wp-block-woocommerce-cart-totals-block\">\n<div data-block-name=\"woocommerce\/cart-order-summary-block\" class=\"wp-block-woocommerce-cart-order-summary-block\">\n<div data-block-name=\"woocommerce\/cart-order-summary-heading-block\" class=\"wp-block-woocommerce-cart-order-summary-heading-block\"><\/div><div data-block-name=\"woocommerce\/cart-order-summary-coupon-form-block\" class=\"wp-block-woocommerce-cart-order-summary-coupon-form-block\"><\/div><div data-block-name=\"woocommerce\/cart-order-summary-totals-block\" class=\"wp-block-woocommerce-cart-order-summary-totals-block\">\n<div data-block-name=\"woocommerce\/cart-order-summary-subtotal-block\" class=\"wp-block-woocommerce-cart-order-summary-subtotal-block\"><\/div>\n<div data-block-name=\"woocommerce\/cart-order-summary-discount-block\" class=\"wp-block-woocommerce-cart-order-summary-discount-block\"><\/div>\n<div data-block-name=\"woocommerce\/cart-order-summary-fee-block\" class=\"wp-block-woocommerce-cart-order-summary-fee-block\"><\/div>\n<div data-block-name=\"woocommerce\/cart-order-summary-shipping-block\" class=\"wp-block-woocommerce-cart-order-summary-shipping-block\"><\/div>\n<div data-block-name=\"woocommerce\/cart-order-summary-taxes-block\" class=\"wp-block-woocommerce-cart-order-summary-taxes-block\"><\/div><\/div>\n<\/div>\n\n\n\n<div data-block-name=\"woocommerce\/cart-express-payment-block\" class=\"wp-block-woocommerce-cart-express-payment-block\"><\/div>\n\n\n\n<div data-block-name=\"woocommerce\/proceed-to-checkout-block\" class=\"wp-block-woocommerce-proceed-to-checkout-block\"><\/div>\n\n\n\n<div data-block-name=\"woocommerce\/cart-accepted-payment-methods-block\" class=\"wp-block-woocommerce-cart-accepted-payment-methods-block\"><\/div>\n<\/div>\n<\/div>\n\n\n\n<div data-block-name=\"woocommerce\/empty-cart-block\" class=\"wp-block-woocommerce-empty-cart-block\">\n<h2 class=\"wp-block-heading has-text-align-center with-empty-cart-icon wc-block-cart__empty-cart__title\">\u00a1Tu carrito est\u00e1 vac\u00edo!<\/h2>\n\n\n\n<hr class=\"wp-block-separator has-alpha-channel-opacity is-style-dots\"\/>\n\n\n\n<h2 class=\"wp-block-heading has-text-align-center\">Nuevo en la tienda<\/h2>\n\n\n<div data-block-name=\"woocommerce\/product-new\" data-columns=\"4\" data-rows=\"1\" class=\"wc-block-grid wp-block-product-new wp-block-woocommerce-product-new wc-block-product-new has-4-columns\"><ul class=\"wc-block-grid__products\"><li class=\"wc-block-grid__product\">\n\t\t\t\t<a href=\"https:\/\/edugas.cl\/?product=producto-de-prueba\" class=\"wc-block-grid__product-link\">\n\t\t\t\t\t\n\t\t\t\t\t<div class=\"wc-block-grid__product-image\"><img fetchpriority=\"high\" decoding=\"async\" width=\"300\" height=\"300\" src=\"https:\/\/edugas.cl\/wp-content\/uploads\/woocommerce-placeholder-300x300.webp\" class=\"woocommerce-placeholder wp-post-image\" alt=\"\" srcset=\"https:\/\/edugas.cl\/wp-content\/uploads\/woocommerce-placeholder-300x300.webp 300w, https:\/\/edugas.cl\/wp-content\/uploads\/woocommerce-placeholder-100x100.webp 100w, https:\/\/edugas.cl\/wp-content\/uploads\/woocommerce-placeholder-600x600.webp 600w, https:\/\/edugas.cl\/wp-content\/uploads\/woocommerce-placeholder-1024x1024.webp 1024w, https:\/\/edugas.cl\/wp-content\/uploads\/woocommerce-placeholder-150x150.webp 150w, https:\/\/edugas.cl\/wp-content\/uploads\/woocommerce-placeholder-768x768.webp 768w, https:\/\/edugas.cl\/wp-content\/uploads\/woocommerce-placeholder.webp 1200w\" sizes=\"(max-width: 300px) 100vw, 300px\" \/><\/div>\n\t\t\t\t\t<div class=\"wc-block-grid__product-title\">producto de prueba<\/div>\n\t\t\t\t<\/a>\n\t\t\t\t<div class=\"wc-block-grid__product-price price\"><span class=\"woocommerce-Price-amount amount\"><span class=\"woocommerce-Price-currencySymbol\">&#036;<\/span>1<\/span><\/div>\n\t\t\t\t\n\t\t\t\t<div class=\"wp-block-button wc-block-grid__product-add-to-cart\"><a href=\"\/index.php?rest_route=%2Fwp%2Fv2%2Fpages%2F34&#038;add-to-cart=282\" aria-label=\"Agregar al carrito: &ldquo;producto de prueba&rdquo;\" data-quantity=\"1\" data-product_id=\"282\" data-product_sku=\"\" data-price=\"1\" rel=\"nofollow\" class=\"wp-block-button__link  add_to_cart_button ajax_add_to_cart\">Agregar al carrito<\/a><\/div>\n\t\t\t<\/li><li class=\"wc-block-grid__product\">\n\t\t\t\t<a href=\"https:\/\/edugas.cl\/?product=quemador-torch-recto-basico-con-conexion-a-cilindros-de-15-kg-y-kit-manometro\" class=\"wc-block-grid__product-link\">\n\t\t\t\t\t\n\t\t\t\t\t<div class=\"wc-block-grid__product-image\"><img decoding=\"async\" width=\"300\" height=\"300\" src=\"https:\/\/edugas.cl\/wp-content\/uploads\/2026\/04\/Quem-torch-recto-con-kit-a-cil-15kg-y-kit-manometro-300x300.jpeg\" class=\"attachment-woocommerce_thumbnail size-woocommerce_thumbnail\" alt=\"Quemador torch recto b\u00e1sico con conexi\u00f3n a cilindros de 15 kg y kit man\u00f3metro.\" srcset=\"https:\/\/edugas.cl\/wp-content\/uploads\/2026\/04\/Quem-torch-recto-con-kit-a-cil-15kg-y-kit-manometro-300x300.jpeg 300w, https:\/\/edugas.cl\/wp-content\/uploads\/2026\/04\/Quem-torch-recto-con-kit-a-cil-15kg-y-kit-manometro-1024x1024.jpeg 1024w, https:\/\/edugas.cl\/wp-content\/uploads\/2026\/04\/Quem-torch-recto-con-kit-a-cil-15kg-y-kit-manometro-150x150.jpeg 150w, https:\/\/edugas.cl\/wp-content\/uploads\/2026\/04\/Quem-torch-recto-con-kit-a-cil-15kg-y-kit-manometro-768x768.jpeg 768w, https:\/\/edugas.cl\/wp-content\/uploads\/2026\/04\/Quem-torch-recto-con-kit-a-cil-15kg-y-kit-manometro-600x600.jpeg 600w, https:\/\/edugas.cl\/wp-content\/uploads\/2026\/04\/Quem-torch-recto-con-kit-a-cil-15kg-y-kit-manometro-100x100.jpeg 100w, https:\/\/edugas.cl\/wp-content\/uploads\/2026\/04\/Quem-torch-recto-con-kit-a-cil-15kg-y-kit-manometro-50x50.jpeg 50w, https:\/\/edugas.cl\/wp-content\/uploads\/2026\/04\/Quem-torch-recto-con-kit-a-cil-15kg-y-kit-manometro.jpeg 1080w\" sizes=\"(max-width: 300px) 100vw, 300px\" \/><\/div>\n\t\t\t\t\t<div class=\"wc-block-grid__product-title\">Quemador torch recto b\u00e1sico con conexi\u00f3n a cilindros de 15 kg y kit man\u00f3metro.<\/div>\n\t\t\t\t<\/a>\n\t\t\t\t<div class=\"wc-block-grid__product-price price\"><span class=\"woocommerce-Price-amount amount\"><span class=\"woocommerce-Price-currencySymbol\">&#036;<\/span>294.525<\/span><\/div>\n\t\t\t\t\n\t\t\t\t<div class=\"wp-block-button wc-block-grid__product-add-to-cart\"><a href=\"\/index.php?rest_route=%2Fwp%2Fv2%2Fpages%2F34&#038;add-to-cart=275\" aria-label=\"Agregar al carrito: &ldquo;Quemador torch recto b\u00e1sico con conexi\u00f3n a cilindros de 15 kg y kit man\u00f3metro.&rdquo;\" data-quantity=\"1\" data-product_id=\"275\" data-product_sku=\"\" data-price=\"294525\" rel=\"nofollow\" class=\"wp-block-button__link  add_to_cart_button ajax_add_to_cart\">Agregar al carrito<\/a><\/div>\n\t\t\t<\/li><li class=\"wc-block-grid__product\">\n\t\t\t\t<a href=\"https:\/\/edugas.cl\/?product=kit-de-conexion-a-cilindros-de-15-kg\" class=\"wc-block-grid__product-link\">\n\t\t\t\t\t\n\t\t\t\t\t<div class=\"wc-block-grid__product-image\"><img decoding=\"async\" width=\"300\" height=\"300\" src=\"https:\/\/edugas.cl\/wp-content\/uploads\/2026\/03\/Kit-a-cil-15kg-con-reg.-estandar-300x300.jpeg\" class=\"attachment-woocommerce_thumbnail size-woocommerce_thumbnail\" alt=\"Kit de conexi\u00f3n a cilindros de 15 kg\" srcset=\"https:\/\/edugas.cl\/wp-content\/uploads\/2026\/03\/Kit-a-cil-15kg-con-reg.-estandar-300x300.jpeg 300w, https:\/\/edugas.cl\/wp-content\/uploads\/2026\/03\/Kit-a-cil-15kg-con-reg.-estandar-1024x1024.jpeg 1024w, https:\/\/edugas.cl\/wp-content\/uploads\/2026\/03\/Kit-a-cil-15kg-con-reg.-estandar-150x150.jpeg 150w, https:\/\/edugas.cl\/wp-content\/uploads\/2026\/03\/Kit-a-cil-15kg-con-reg.-estandar-768x768.jpeg 768w, https:\/\/edugas.cl\/wp-content\/uploads\/2026\/03\/Kit-a-cil-15kg-con-reg.-estandar-600x600.jpeg 600w, https:\/\/edugas.cl\/wp-content\/uploads\/2026\/03\/Kit-a-cil-15kg-con-reg.-estandar-100x100.jpeg 100w, https:\/\/edugas.cl\/wp-content\/uploads\/2026\/03\/Kit-a-cil-15kg-con-reg.-estandar-50x50.jpeg 50w, https:\/\/edugas.cl\/wp-content\/uploads\/2026\/03\/Kit-a-cil-15kg-con-reg.-estandar.jpeg 1080w\" sizes=\"(max-width: 300px) 100vw, 300px\" \/><\/div>\n\t\t\t\t\t<div class=\"wc-block-grid__product-title\">Kit de conexi\u00f3n a cilindros de 15 kg<\/div>\n\t\t\t\t<\/a>\n\t\t\t\t<div class=\"wc-block-grid__product-price price\"><span class=\"woocommerce-Price-amount amount\"><span class=\"woocommerce-Price-currencySymbol\">&#036;<\/span>58.310<\/span><\/div>\n\t\t\t\t\n\t\t\t\t<div class=\"wp-block-button wc-block-grid__product-add-to-cart\"><a href=\"\/index.php?rest_route=%2Fwp%2Fv2%2Fpages%2F34&#038;add-to-cart=259\" aria-label=\"Agregar al carrito: &ldquo;Kit de conexi\u00f3n a cilindros de 15 kg&rdquo;\" data-quantity=\"1\" data-product_id=\"259\" data-product_sku=\"\" data-price=\"58310\" rel=\"nofollow\" class=\"wp-block-button__link  add_to_cart_button ajax_add_to_cart\">Agregar al carrito<\/a><\/div>\n\t\t\t<\/li><li class=\"wc-block-grid__product\">\n\t\t\t\t<a href=\"https:\/\/edugas.cl\/?product=kit-para-conectar-1-quemador-a-2-cilindros-de-45-kg\" class=\"wc-block-grid__product-link\">\n\t\t\t\t\t\n\t\t\t\t\t<div class=\"wc-block-grid__product-image\"><img loading=\"lazy\" decoding=\"async\" width=\"300\" height=\"300\" src=\"https:\/\/edugas.cl\/wp-content\/uploads\/2026\/01\/Kit-1q-a-2-cil-45kg-300x300.jpeg\" class=\"attachment-woocommerce_thumbnail size-woocommerce_thumbnail\" alt=\"Kit para conectar 1 quemador a 2 cilindros de 45 kg\" srcset=\"https:\/\/edugas.cl\/wp-content\/uploads\/2026\/01\/Kit-1q-a-2-cil-45kg-300x300.jpeg 300w, https:\/\/edugas.cl\/wp-content\/uploads\/2026\/01\/Kit-1q-a-2-cil-45kg-1024x1024.jpeg 1024w, https:\/\/edugas.cl\/wp-content\/uploads\/2026\/01\/Kit-1q-a-2-cil-45kg-150x150.jpeg 150w, https:\/\/edugas.cl\/wp-content\/uploads\/2026\/01\/Kit-1q-a-2-cil-45kg-768x768.jpeg 768w, https:\/\/edugas.cl\/wp-content\/uploads\/2026\/01\/Kit-1q-a-2-cil-45kg-600x600.jpeg 600w, https:\/\/edugas.cl\/wp-content\/uploads\/2026\/01\/Kit-1q-a-2-cil-45kg-100x100.jpeg 100w, https:\/\/edugas.cl\/wp-content\/uploads\/2026\/01\/Kit-1q-a-2-cil-45kg-50x50.jpeg 50w, https:\/\/edugas.cl\/wp-content\/uploads\/2026\/01\/Kit-1q-a-2-cil-45kg.jpeg 1080w\" sizes=\"(max-width: 300px) 100vw, 300px\" \/><\/div>\n\t\t\t\t\t<div class=\"wc-block-grid__product-title\">Kit para conectar 1 quemador a 2 cilindros de 45 kg<\/div>\n\t\t\t\t<\/a>\n\t\t\t\t<div class=\"wc-block-grid__product-price price\"><span class=\"woocommerce-Price-amount amount\"><span class=\"woocommerce-Price-currencySymbol\">&#036;<\/span>301.665<\/span><\/div>\n\t\t\t\t\n\t\t\t\t<div class=\"wp-block-button wc-block-grid__product-add-to-cart\"><a href=\"\/index.php?rest_route=%2Fwp%2Fv2%2Fpages%2F34&#038;add-to-cart=250\" aria-label=\"Agregar al carrito: &ldquo;Kit para conectar 1 quemador a 2 cilindros de 45 kg&rdquo;\" data-quantity=\"1\" data-product_id=\"250\" data-product_sku=\"\" data-price=\"301665\" rel=\"nofollow\" class=\"wp-block-button__link  add_to_cart_button ajax_add_to_cart\">Agregar al carrito<\/a><\/div>\n\t\t\t<\/li><\/ul><\/div><\/div>\n<\/div>\n","protected":false},"excerpt":{"rendered":"","protected":false},"author":1,"featured_media":0,"parent":0,"menu_order":0,"comment_status":"closed","ping_status":"closed","template":"","meta":{"footnotes":""},"class_list":["post-34","page","type-page","status-publish","hentry"],"_links":{"self":[{"href":"https:\/\/edugas.cl\/index.php?rest_route=\/wp\/v2\/pages\/34","targetHints":{"allow":["GET"]}}],"collection":[{"href":"https:\/\/edugas.cl\/index.php?rest_route=\/wp\/v2\/pages"}],"about":[{"href":"https:\/\/edugas.cl\/index.php?rest_route=\/wp\/v2\/types\/page"}],"author":[{"embeddable":true,"href":"https:\/\/edugas.cl\/index.php?rest_route=\/wp\/v2\/users\/1"}],"replies":[{"embeddable":true,"href":"https:\/\/edugas.cl\/index.php?rest_route=%2Fwp%2Fv2%2Fcomments&post=34"}],"version-history":[{"count":1,"href":"https:\/\/edugas.cl\/index.php?rest_route=\/wp\/v2\/pages\/34\/revisions"}],"predecessor-version":[{"id":143,"href":"https:\/\/edugas.cl\/index.php?rest_route=\/wp\/v2\/pages\/34\/revisions\/143"}],"wp:attachment":[{"href":"https:\/\/edugas.cl\/index.php?rest_route=%2Fwp%2Fv2%2Fmedia&parent=34"}],"curies":[{"name":"wp","href":"https:\/\/api.w.org\/{rel}","templated":true}]}}