{"id":221,"date":"2026-01-27T16:58:20","date_gmt":"2026-01-27T19:58:20","guid":{"rendered":"https:\/\/edugas.cl\/?post_type=product&#038;p=221"},"modified":"2026-03-24T11:44:33","modified_gmt":"2026-03-24T14:44:33","slug":"valvula-sit-padova-italia","status":"publish","type":"product","link":"https:\/\/edugas.cl\/?product=valvula-sit-padova-italia","title":{"rendered":"V\u00e1lvula SIT Padova Italia"},"content":{"rendered":"<p>Media presi\u00f3n. Conexi\u00f3n de entrada 1\/4 He. Conexi\u00f3n de salida 1\/4 He.<\/p>\n","protected":false},"excerpt":{"rendered":"<p>Media presi\u00f3n. Conexi\u00f3n de entrada 1\/4 He. Conexi\u00f3n de salida 1\/4 He.<\/p>\n","protected":false},"featured_media":267,"comment_status":"open","ping_status":"closed","template":"","meta":[],"product_brand":[],"product_cat":[22],"product_tag":[],"class_list":{"0":"post-221","1":"product","2":"type-product","3":"status-publish","4":"has-post-thumbnail","6":"product_cat-repuestos","8":"first","9":"instock","10":"shipping-taxable","11":"purchasable","12":"product-type-simple"},"_links":{"self":[{"href":"https:\/\/edugas.cl\/index.php?rest_route=\/wp\/v2\/product\/221","targetHints":{"allow":["GET"]}}],"collection":[{"href":"https:\/\/edugas.cl\/index.php?rest_route=\/wp\/v2\/product"}],"about":[{"href":"https:\/\/edugas.cl\/index.php?rest_route=\/wp\/v2\/types\/product"}],"replies":[{"embeddable":true,"href":"https:\/\/edugas.cl\/index.php?rest_route=%2Fwp%2Fv2%2Fcomments&post=221"}],"wp:featuredmedia":[{"embeddable":true,"href":"https:\/\/edugas.cl\/index.php?rest_route=\/wp\/v2\/media\/267"}],"wp:attachment":[{"href":"https:\/\/edugas.cl\/index.php?rest_route=%2Fwp%2Fv2%2Fmedia&parent=221"}],"wp:term":[{"taxonomy":"product_brand","embeddable":true,"href":"https:\/\/edugas.cl\/index.php?rest_route=%2Fwp%2Fv2%2Fproduct_brand&post=221"},{"taxonomy":"product_cat","embeddable":true,"href":"https:\/\/edugas.cl\/index.php?rest_route=%2Fwp%2Fv2%2Fproduct_cat&post=221"},{"taxonomy":"product_tag","embeddable":true,"href":"https:\/\/edugas.cl\/index.php?rest_route=%2Fwp%2Fv2%2Fproduct_tag&post=221"}],"curies":[{"name":"wp","href":"https:\/\/api.w.org\/{rel}","templated":true}]}}